{"id":131,"date":"2026-03-03T22:23:08","date_gmt":"2026-03-03T21:23:08","guid":{"rendered":"http:\/\/127.0.0.1:8000\/?page_id=131"},"modified":"2026-04-01T09:55:10","modified_gmt":"2026-04-01T07:55:10","slug":"home-2","status":"publish","type":"page","link":"https:\/\/www.exodia.labo.infochartreux.fr\/?page_id=131","title":{"rendered":"page accueil"},"content":{"rendered":"\t\t<div data-elementor-type=\"wp-page\" data-elementor-id=\"131\" class=\"elementor elementor-131\">\n\t\t\t\t<div class=\"elementor-element elementor-element-7426c920 e-flex e-con-boxed e-con e-parent\" data-id=\"7426c920\" data-element_type=\"container\" data-e-type=\"container\" data-settings=\"{&quot;background_background&quot;:&quot;classic&quot;}\">\n\t\t\t\t\t<div class=\"e-con-inner\">\n\t\t\t\t<div class=\"elementor-element elementor-element-4a0fd027 elementor-widget elementor-widget-heading\" data-id=\"4a0fd027\" data-element_type=\"widget\" data-e-type=\"widget\" data-widget_type=\"heading.default\">\n\t\t\t\t\t<h1 class=\"elementor-heading-title elementor-size-default\">L'Exceptionnel n'a plus de fronti\u00e8res.<\/h1>\t\t\t\t<\/div>\n\t\t\t\t<div class=\"elementor-element elementor-element-505bff5e elementor-widget elementor-widget-heading\" data-id=\"505bff5e\" data-element_type=\"widget\" data-e-type=\"widget\" data-widget_type=\"heading.default\">\n\t\t\t\t\t<h5 class=\"elementor-heading-title elementor-size-default\">Bienvenue chez Exodia, l'unique conciergerie de luxe d\u00e9di\u00e9e aux voyages par-del\u00e0 le r\u00e9el.<\/h5>\t\t\t\t<\/div>\n\t\t\t\t\t<\/div>\n\t\t\t\t<\/div>\n\t\t<div class=\"elementor-element elementor-element-3034535b e-con-full e-flex e-con e-parent\" data-id=\"3034535b\" data-element_type=\"container\" data-e-type=\"container\" data-settings=\"{&quot;background_background&quot;:&quot;slideshow&quot;,&quot;background_slideshow_gallery&quot;:[{&quot;id&quot;:170,&quot;url&quot;:&quot;https:\\\/\\\/www.exodia.labo.infochartreux.fr\\\/wp-content\\\/uploads\\\/2026\\\/03\\\/25adde573fb06ee264ff19bc5e7f5081.jpg&quot;},{&quot;id&quot;:171,&quot;url&quot;:&quot;https:\\\/\\\/www.exodia.labo.infochartreux.fr\\\/wp-content\\\/uploads\\\/2026\\\/03\\\/Gemini_Generated_Image_ji66dnji66dnji66.png&quot;},{&quot;id&quot;:173,&quot;url&quot;:&quot;https:\\\/\\\/www.exodia.labo.infochartreux.fr\\\/wp-content\\\/uploads\\\/2026\\\/03\\\/Gemini_Generated_Image_f6vq4tf6vq4tf6vq.png&quot;},{&quot;id&quot;:174,&quot;url&quot;:&quot;https:\\\/\\\/www.exodia.labo.infochartreux.fr\\\/wp-content\\\/uploads\\\/2026\\\/03\\\/Gemini_Generated_Image_ecgkpjecgkpjecgk.png&quot;},{&quot;id&quot;:172,&quot;url&quot;:&quot;https:\\\/\\\/www.exodia.labo.infochartreux.fr\\\/wp-content\\\/uploads\\\/2026\\\/03\\\/Gemini_Generated_Image_93kgis93kgis93kg.png&quot;}],&quot;background_slideshow_loop&quot;:&quot;yes&quot;,&quot;background_slideshow_slide_duration&quot;:5000,&quot;background_slideshow_slide_transition&quot;:&quot;fade&quot;,&quot;background_slideshow_transition_duration&quot;:500}\">\n\t\t<div class=\"elementor-element elementor-element-6a263b30 e-con-full e-flex e-con e-child\" data-id=\"6a263b30\" data-element_type=\"container\" data-e-type=\"container\">\n\t\t\t\t<div class=\"elementor-element elementor-element-39b4cc8f elementor-widget elementor-widget-heading\" data-id=\"39b4cc8f\" data-element_type=\"widget\" data-e-type=\"widget\" data-widget_type=\"heading.default\">\n\t\t\t\t\t<h2 class=\"elementor-heading-title elementor-size-default\">Galleries des biomes<\/h2>\t\t\t\t<\/div>\n\t\t\t\t<div class=\"elementor-element elementor-element-2ef045f7 elementor-widget elementor-widget-heading\" data-id=\"2ef045f7\" data-element_type=\"widget\" data-e-type=\"widget\" data-widget_type=\"heading.default\">\n\t\t\t\t\t<h5 class=\"elementor-heading-title elementor-size-default\">d\u00e9couvrer nos differents hotel dans chacun des 5 biomes:<\/h5>\t\t\t\t<\/div>\n\t\t\t\t<div class=\"elementor-element elementor-element-6cca1cbf elementor-widget elementor-widget-text-editor\" data-id=\"6cca1cbf\" data-element_type=\"widget\" data-e-type=\"widget\" data-widget_type=\"text-editor.default\">\n\t\t\t\t\t\t\t\t\t<ol>\n<li>Le C\u0153ur d&rsquo;Ambre : Le Berceau de l&rsquo;\u00c9quilibre<\/li>\n<li>L&rsquo;Abysse des \u00c9cailles Bleues : L&rsquo;\u00c9clat des Profondeurs<\/li>\n<li>Les Archipels du Souffle C\u00e9leste : L&rsquo;Ivresse de l&rsquo;\u00c9ther<\/li>\n<li>La Steppe du Dos de Dragon : Le Continent Immobile<\/li>\n<li>Le D\u00e9sert d&rsquo;Obsidienne : La Beaut\u00e9 Magn\u00e9tique<\/li>\n<\/ol>\t\t\t\t\t\t\t\t<\/div>\n\t\t\t\t<div class=\"elementor-element elementor-element-5b473ebf elementor-invisible elementor-widget elementor-widget-button\" data-id=\"5b473ebf\" data-element_type=\"widget\" data-e-type=\"widget\" data-settings=\"{&quot;_animation&quot;:&quot;fadeInDown&quot;}\" data-widget_type=\"button.default\">\n\t\t\t\t\t\t\t\t\t\t<a class=\"elementor-button elementor-button-link elementor-size-sm\" href=\"https:\/\/library.elementor.com\/portfolio-wireframe-2-flexbox\/about\/\">\n\t\t\t\t\t\t<span class=\"elementor-button-content-wrapper\">\n\t\t\t\t\t\t\t\t\t<span class=\"elementor-button-text\">Learn More<\/span>\n\t\t\t\t\t<\/span>\n\t\t\t\t\t<\/a>\n\t\t\t\t\t\t\t\t<\/div>\n\t\t\t\t<\/div>\n\t\t<div class=\"elementor-element elementor-element-5b47e6ab e-con-full e-flex e-con e-child\" data-id=\"5b47e6ab\" data-element_type=\"container\" data-e-type=\"container\">\n\t\t\t\t<\/div>\n\t\t\t\t<\/div>\n\t\t<div class=\"elementor-element elementor-element-10ab63b e-con-full e-flex e-con e-parent\" data-id=\"10ab63b\" data-element_type=\"container\" data-e-type=\"container\">\n\t\t\t\t<div class=\"elementor-element elementor-element-7a079370 elementor-widget elementor-widget-heading\" data-id=\"7a079370\" data-element_type=\"widget\" data-e-type=\"widget\" data-widget_type=\"heading.default\">\n\t\t\t\t\t<h2 class=\"elementor-heading-title elementor-size-default\">Client Testimonials<\/h2>\t\t\t\t<\/div>\n\t\t<div class=\"elementor-element elementor-element-15da63c3 e-con-full e-flex e-con e-child\" data-id=\"15da63c3\" data-element_type=\"container\" data-e-type=\"container\">\n\t\t\t\t<div class=\"elementor-element elementor-element-5a8649bb elementor-widget__width-initial elementor-widget elementor-widget-testimonial\" data-id=\"5a8649bb\" data-element_type=\"widget\" data-e-type=\"widget\" data-widget_type=\"testimonial.default\">\n\t\t\t\t\t\t\t<div class=\"elementor-testimonial-wrapper\">\n\t\t\t\t\t\t\t<div class=\"elementor-testimonial-content\">\"Un v\u00e9ritable havre de paix. L'architecture en bois clair est apaisante et la vue sur la Grande Porte de Nacre au petit-d\u00e9jeuner est simplement irr\u00e9elle. C\u2019est le point de d\u00e9part parfait pour s\u2019acclimater avant de partir vers les zones plus sauvages. Mention sp\u00e9ciale pour la croisi\u00e8re fluviale au coucher du soleil.\"<\/div>\n\t\t\t\n\t\t\t\t\t\t<div class=\"elementor-testimonial-meta elementor-has-image elementor-testimonial-image-position-aside\">\n\t\t\t\t<div class=\"elementor-testimonial-meta-inner\">\n\t\t\t\t\t\t\t\t\t\t\t<div class=\"elementor-testimonial-image\">\n\t\t\t\t\t\t\t<img fetchpriority=\"high\" decoding=\"async\" width=\"1024\" height=\"1024\" src=\"https:\/\/www.exodia.labo.infochartreux.fr\/wp-content\/uploads\/2026\/03\/Gemini_Generated_Image_izba4rizba4rizba.png\" class=\"attachment-full size-full wp-image-182\" alt=\"\" srcset=\"https:\/\/www.exodia.labo.infochartreux.fr\/wp-content\/uploads\/2026\/03\/Gemini_Generated_Image_izba4rizba4rizba.png 1024w, https:\/\/www.exodia.labo.infochartreux.fr\/wp-content\/uploads\/2026\/03\/Gemini_Generated_Image_izba4rizba4rizba-300x300.png 300w, https:\/\/www.exodia.labo.infochartreux.fr\/wp-content\/uploads\/2026\/03\/Gemini_Generated_Image_izba4rizba4rizba-150x150.png 150w, https:\/\/www.exodia.labo.infochartreux.fr\/wp-content\/uploads\/2026\/03\/Gemini_Generated_Image_izba4rizba4rizba-768x768.png 768w\" sizes=\"(max-width: 1024px) 100vw, 1024px\" \/>\t\t\t\t\t\t<\/div>\n\t\t\t\t\t\n\t\t\t\t\t\t\t\t\t\t<div class=\"elementor-testimonial-details\">\n\t\t\t\t\t\t\t\t\t\t\t\t\t\t<div class=\"elementor-testimonial-name\">L\u00e9a_M \u2013 S\u00e9jour de 3 nuit <\/div>\n\t\t\t\t\t\t\t\t\t\t\t\t\t\t\t\t\t\t\t<\/div>\n\t\t\t\t\t\t\t\t\t<\/div>\n\t\t\t<\/div>\n\t\t\t\t\t<\/div>\n\t\t\t\t\t\t<\/div>\n\t\t\t\t<div class=\"elementor-element elementor-element-2843eab7 elementor-widget__width-initial elementor-widget elementor-widget-testimonial\" data-id=\"2843eab7\" data-element_type=\"widget\" data-e-type=\"widget\" data-widget_type=\"testimonial.default\">\n\t\t\t\t\t\t\t<div class=\"elementor-testimonial-wrapper\">\n\t\t\t\t\t\t\t<div class=\"elementor-testimonial-content\">\"La sensation de l\u00e9vitation est indescriptible. Les ponts de cha\u00eenes sont impressionnants mais tr\u00e8s s\u00e9curis\u00e9s. J'ai pass\u00e9 des heures \u00e0 observer les cr\u00e9atures ail\u00e9es se poser sur les Tours de l'\u00c9quilibre. L'air est si pur qu'on se sent revigor\u00e9 d\u00e8s le premier matin. Attention : les couchers de soleil durent si longtemps qu'on en perd la notion du temps !\"<\/div>\n\t\t\t\n\t\t\t\t\t\t<div class=\"elementor-testimonial-meta elementor-has-image elementor-testimonial-image-position-aside\">\n\t\t\t\t<div class=\"elementor-testimonial-meta-inner\">\n\t\t\t\t\t\t\t\t\t\t\t<div class=\"elementor-testimonial-image\">\n\t\t\t\t\t\t\t<img decoding=\"async\" width=\"1024\" height=\"1024\" src=\"https:\/\/www.exodia.labo.infochartreux.fr\/wp-content\/uploads\/2026\/03\/Gemini_Generated_Image_6f33w56f33w56f33.png\" class=\"attachment-full size-full wp-image-183\" alt=\"\" srcset=\"https:\/\/www.exodia.labo.infochartreux.fr\/wp-content\/uploads\/2026\/03\/Gemini_Generated_Image_6f33w56f33w56f33.png 1024w, https:\/\/www.exodia.labo.infochartreux.fr\/wp-content\/uploads\/2026\/03\/Gemini_Generated_Image_6f33w56f33w56f33-300x300.png 300w, https:\/\/www.exodia.labo.infochartreux.fr\/wp-content\/uploads\/2026\/03\/Gemini_Generated_Image_6f33w56f33w56f33-150x150.png 150w, https:\/\/www.exodia.labo.infochartreux.fr\/wp-content\/uploads\/2026\/03\/Gemini_Generated_Image_6f33w56f33w56f33-768x768.png 768w\" sizes=\"(max-width: 1024px) 100vw, 1024px\" \/>\t\t\t\t\t\t<\/div>\n\t\t\t\t\t\n\t\t\t\t\t\t\t\t\t\t<div class=\"elementor-testimonial-details\">\n\t\t\t\t\t\t\t\t\t\t\t\t\t\t<div class=\"elementor-testimonial-name\">Sora_Explorer \u2013 S\u00e9jour au Monast\u00e8re Suspendu<\/div>\n\t\t\t\t\t\t\t\t\t\t\t\t\t\t\t\t\t\t\t<\/div>\n\t\t\t\t\t\t\t\t\t<\/div>\n\t\t\t<\/div>\n\t\t\t\t\t<\/div>\n\t\t\t\t\t\t<\/div>\n\t\t\t\t<div class=\"elementor-element elementor-element-207e2b43 elementor-widget elementor-widget-testimonial\" data-id=\"207e2b43\" data-element_type=\"widget\" data-e-type=\"widget\" data-widget_type=\"testimonial.default\">\n\t\t\t\t\t\t\t<div class=\"elementor-testimonial-wrapper\">\n\t\t\t\t\t\t\t<div class=\"elementor-testimonial-content\">\"Pour ceux qui cherchent de l'\u00e9motion pure. Le contraste entre le basalte noir et les fissures orange vif est magn\u00e9tique. L'h\u00f4tel est une prouesse technique, on est au c\u0153ur du volcanisme tout en restant au frais derri\u00e8re les baies vitr\u00e9es en obsidienne. La Forge de Ryujin est l'endroit le plus impressionnant que j'ai vu de ma vie.\"<\/div>\n\t\t\t\n\t\t\t\t\t\t<div class=\"elementor-testimonial-meta elementor-has-image elementor-testimonial-image-position-aside\">\n\t\t\t\t<div class=\"elementor-testimonial-meta-inner\">\n\t\t\t\t\t\t\t\t\t\t\t<div class=\"elementor-testimonial-image\">\n\t\t\t\t\t\t\t<img decoding=\"async\" width=\"1024\" height=\"1024\" src=\"https:\/\/www.exodia.labo.infochartreux.fr\/wp-content\/uploads\/2026\/03\/Gemini_Generated_Image_z6my97z6my97z6my.png\" class=\"attachment-full size-full wp-image-184\" alt=\"\" srcset=\"https:\/\/www.exodia.labo.infochartreux.fr\/wp-content\/uploads\/2026\/03\/Gemini_Generated_Image_z6my97z6my97z6my.png 1024w, https:\/\/www.exodia.labo.infochartreux.fr\/wp-content\/uploads\/2026\/03\/Gemini_Generated_Image_z6my97z6my97z6my-300x300.png 300w, https:\/\/www.exodia.labo.infochartreux.fr\/wp-content\/uploads\/2026\/03\/Gemini_Generated_Image_z6my97z6my97z6my-150x150.png 150w, https:\/\/www.exodia.labo.infochartreux.fr\/wp-content\/uploads\/2026\/03\/Gemini_Generated_Image_z6my97z6my97z6my-768x768.png 768w\" sizes=\"(max-width: 1024px) 100vw, 1024px\" \/>\t\t\t\t\t\t<\/div>\n\t\t\t\t\t\n\t\t\t\t\t\t\t\t\t\t<div class=\"elementor-testimonial-details\">\n\t\t\t\t\t\t\t\t\t\t\t\t\t\t<div class=\"elementor-testimonial-name\">Kylian_Adr\u00e9naline\" \u2013 Exp\u00e9dition Forge de Ryujin<\/div>\n\t\t\t\t\t\t\t\t\t\t\t\t\t\t\t\t\t\t\t<\/div>\n\t\t\t\t\t\t\t\t\t<\/div>\n\t\t\t<\/div>\n\t\t\t\t\t<\/div>\n\t\t\t\t\t\t<\/div>\n\t\t\t\t<\/div>\n\t\t\t\t<\/div>\n\t\t\t\t<\/div>\n\t\t","protected":false},"excerpt":{"rendered":"<p>L&rsquo;Exceptionnel n&rsquo;a plus de fronti\u00e8res. Bienvenue chez Exodia, l&rsquo;unique conciergerie de luxe d\u00e9di\u00e9e aux voyages par-del\u00e0 le r\u00e9el. Galleries des [&hellip;]<\/p>\n","protected":false},"author":1,"featured_media":134,"parent":0,"menu_order":0,"comment_status":"closed","ping_status":"closed","template":"elementor_header_footer","meta":{"_acf_changed":false,"_uag_custom_page_level_css":"","site-sidebar-layout":"default","site-content-layout":"","ast-site-content-layout":"default","site-content-style":"default","site-sidebar-style":"default","ast-global-header-display":"","ast-banner-title-visibility":"","ast-main-header-display":"","ast-hfb-above-header-display":"","ast-hfb-below-header-display":"","ast-hfb-mobile-header-display":"","site-post-title":"","ast-breadcrumbs-content":"","ast-featured-img":"","footer-sml-layout":"","ast-disable-related-posts":"","theme-transparent-header-meta":"","adv-header-id-meta":"","stick-header-meta":"","header-above-stick-meta":"","header-main-stick-meta":"","header-below-stick-meta":"","astra-migrate-meta-layouts":"default","ast-page-background-enabled":"default","ast-page-background-meta":{"desktop":{"background-color":"var(--ast-global-color-5)","background-image":"","background-repeat":"repeat","background-position":"center center","background-size":"auto","background-attachment":"scroll","background-type":"","background-media":"","overlay-type":"","overlay-color":"","overlay-opacity":"","overlay-gradient":""},"tablet":{"background-color":"","background-image":"","background-repeat":"repeat","background-position":"center center","background-size":"auto","background-attachment":"scroll","background-type":"","background-media":"","overlay-type":"","overlay-color":"","overlay-opacity":"","overlay-gradient":""},"mobile":{"background-color":"","background-image":"","background-repeat":"repeat","background-position":"center center","background-size":"auto","background-attachment":"scroll","background-type":"","background-media":"","overlay-type":"","overlay-color":"","overlay-opacity":"","overlay-gradient":""}},"ast-content-background-meta":{"desktop":{"background-color":"var(--ast-global-color-4)","background-image":"","background-repeat":"repeat","background-position":"center center","background-size":"auto","background-attachment":"scroll","background-type":"","background-media":"","overlay-type":"","overlay-color":"","overlay-opacity":"","overlay-gradient":""},"tablet":{"background-color":"var(--ast-global-color-4)","background-image":"","background-repeat":"repeat","background-position":"center center","background-size":"auto","background-attachment":"scroll","background-type":"","background-media":"","overlay-type":"","overlay-color":"","overlay-opacity":"","overlay-gradient":""},"mobile":{"background-color":"var(--ast-global-color-4)","background-image":"","background-repeat":"repeat","background-position":"center center","background-size":"auto","background-attachment":"scroll","background-type":"","background-media":"","overlay-type":"","overlay-color":"","overlay-opacity":"","overlay-gradient":""}},"footnotes":""},"class_list":["post-131","page","type-page","status-publish","has-post-thumbnail","hentry"],"acf":[],"yoast_head":"<!-- This site is optimized with the Yoast SEO plugin v27.4 - https:\/\/yoast.com\/product\/yoast-seo-wordpress\/ -->\n<title>page accueil - Exodia<\/title>\n<meta name=\"robots\" content=\"index, follow, max-snippet:-1, max-image-preview:large, max-video-preview:-1\" \/>\n<link rel=\"canonical\" href=\"https:\/\/www.exodia.labo.infochartreux.fr\/?page_id=131\" \/>\n<meta property=\"og:locale\" content=\"fr_FR\" \/>\n<meta property=\"og:type\" content=\"article\" \/>\n<meta property=\"og:title\" content=\"page accueil - Exodia\" \/>\n<meta property=\"og:description\" content=\"L&rsquo;Exceptionnel n&rsquo;a plus de fronti\u00e8res. Bienvenue chez Exodia, l&rsquo;unique conciergerie de luxe d\u00e9di\u00e9e aux voyages par-del\u00e0 le r\u00e9el. Galleries des [&hellip;]\" \/>\n<meta property=\"og:url\" content=\"https:\/\/www.exodia.labo.infochartreux.fr\/?page_id=131\" \/>\n<meta property=\"og:site_name\" content=\"Exodia\" \/>\n<meta property=\"article:modified_time\" content=\"2026-04-01T07:55:10+00:00\" \/>\n<meta property=\"og:image\" content=\"https:\/\/www.exodia.labo.infochartreux.fr\/wp-content\/uploads\/2026\/03\/Homepage-400_380-1.jpg\" \/>\n\t<meta property=\"og:image:width\" content=\"400\" \/>\n\t<meta property=\"og:image:height\" content=\"380\" \/>\n\t<meta property=\"og:image:type\" content=\"image\/jpeg\" \/>\n<meta name=\"twitter:card\" content=\"summary_large_image\" \/>\n<meta name=\"twitter:label1\" content=\"Dur\u00e9e de lecture estim\u00e9e\" \/>\n\t<meta name=\"twitter:data1\" content=\"1 minute\" \/>\n<script type=\"application\/ld+json\" class=\"yoast-schema-graph\">{\"@context\":\"https:\\\/\\\/schema.org\",\"@graph\":[{\"@type\":\"WebPage\",\"@id\":\"https:\\\/\\\/www.exodia.labo.infochartreux.fr\\\/?page_id=131\",\"url\":\"https:\\\/\\\/www.exodia.labo.infochartreux.fr\\\/?page_id=131\",\"name\":\"page accueil - Exodia\",\"isPartOf\":{\"@id\":\"https:\\\/\\\/www.exodia.labo.infochartreux.fr\\\/#website\"},\"primaryImageOfPage\":{\"@id\":\"https:\\\/\\\/www.exodia.labo.infochartreux.fr\\\/?page_id=131#primaryimage\"},\"image\":{\"@id\":\"https:\\\/\\\/www.exodia.labo.infochartreux.fr\\\/?page_id=131#primaryimage\"},\"thumbnailUrl\":\"https:\\\/\\\/www.exodia.labo.infochartreux.fr\\\/wp-content\\\/uploads\\\/2026\\\/03\\\/Homepage-400_380-1.jpg\",\"datePublished\":\"2026-03-03T21:23:08+00:00\",\"dateModified\":\"2026-04-01T07:55:10+00:00\",\"breadcrumb\":{\"@id\":\"https:\\\/\\\/www.exodia.labo.infochartreux.fr\\\/?page_id=131#breadcrumb\"},\"inLanguage\":\"fr-FR\",\"potentialAction\":[{\"@type\":\"ReadAction\",\"target\":[\"https:\\\/\\\/www.exodia.labo.infochartreux.fr\\\/?page_id=131\"]}]},{\"@type\":\"ImageObject\",\"inLanguage\":\"fr-FR\",\"@id\":\"https:\\\/\\\/www.exodia.labo.infochartreux.fr\\\/?page_id=131#primaryimage\",\"url\":\"https:\\\/\\\/www.exodia.labo.infochartreux.fr\\\/wp-content\\\/uploads\\\/2026\\\/03\\\/Homepage-400_380-1.jpg\",\"contentUrl\":\"https:\\\/\\\/www.exodia.labo.infochartreux.fr\\\/wp-content\\\/uploads\\\/2026\\\/03\\\/Homepage-400_380-1.jpg\",\"width\":400,\"height\":380},{\"@type\":\"BreadcrumbList\",\"@id\":\"https:\\\/\\\/www.exodia.labo.infochartreux.fr\\\/?page_id=131#breadcrumb\",\"itemListElement\":[{\"@type\":\"ListItem\",\"position\":1,\"name\":\"Accueil\",\"item\":\"https:\\\/\\\/www.exodia.labo.infochartreux.fr\\\/\"},{\"@type\":\"ListItem\",\"position\":2,\"name\":\"page accueil\"}]},{\"@type\":\"WebSite\",\"@id\":\"https:\\\/\\\/www.exodia.labo.infochartreux.fr\\\/#website\",\"url\":\"https:\\\/\\\/www.exodia.labo.infochartreux.fr\\\/\",\"name\":\"Exodia\",\"description\":\"agende d&#039;hotelerie de luxe fantastique\",\"publisher\":{\"@id\":\"https:\\\/\\\/www.exodia.labo.infochartreux.fr\\\/#organization\"},\"potentialAction\":[{\"@type\":\"SearchAction\",\"target\":{\"@type\":\"EntryPoint\",\"urlTemplate\":\"https:\\\/\\\/www.exodia.labo.infochartreux.fr\\\/?s={search_term_string}\"},\"query-input\":{\"@type\":\"PropertyValueSpecification\",\"valueRequired\":true,\"valueName\":\"search_term_string\"}}],\"inLanguage\":\"fr-FR\"},{\"@type\":\"Organization\",\"@id\":\"https:\\\/\\\/www.exodia.labo.infochartreux.fr\\\/#organization\",\"name\":\"Exodia\",\"url\":\"https:\\\/\\\/www.exodia.labo.infochartreux.fr\\\/\",\"logo\":{\"@type\":\"ImageObject\",\"inLanguage\":\"fr-FR\",\"@id\":\"https:\\\/\\\/www.exodia.labo.infochartreux.fr\\\/#\\\/schema\\\/logo\\\/image\\\/\",\"url\":\"https:\\\/\\\/www.exodia.labo.infochartreux.fr\\\/wp-content\\\/uploads\\\/2026\\\/04\\\/cropped-Design-sans-titre1-1.png\",\"contentUrl\":\"https:\\\/\\\/www.exodia.labo.infochartreux.fr\\\/wp-content\\\/uploads\\\/2026\\\/04\\\/cropped-Design-sans-titre1-1.png\",\"width\":817,\"height\":633,\"caption\":\"Exodia\"},\"image\":{\"@id\":\"https:\\\/\\\/www.exodia.labo.infochartreux.fr\\\/#\\\/schema\\\/logo\\\/image\\\/\"}}]}<\/script>\n<!-- \/ Yoast SEO plugin. -->","yoast_head_json":{"title":"page accueil - Exodia","robots":{"index":"index","follow":"follow","max-snippet":"max-snippet:-1","max-image-preview":"max-image-preview:large","max-video-preview":"max-video-preview:-1"},"canonical":"https:\/\/www.exodia.labo.infochartreux.fr\/?page_id=131","og_locale":"fr_FR","og_type":"article","og_title":"page accueil - Exodia","og_description":"L&rsquo;Exceptionnel n&rsquo;a plus de fronti\u00e8res. Bienvenue chez Exodia, l&rsquo;unique conciergerie de luxe d\u00e9di\u00e9e aux voyages par-del\u00e0 le r\u00e9el. Galleries des [&hellip;]","og_url":"https:\/\/www.exodia.labo.infochartreux.fr\/?page_id=131","og_site_name":"Exodia","article_modified_time":"2026-04-01T07:55:10+00:00","og_image":[{"width":400,"height":380,"url":"https:\/\/www.exodia.labo.infochartreux.fr\/wp-content\/uploads\/2026\/03\/Homepage-400_380-1.jpg","type":"image\/jpeg"}],"twitter_card":"summary_large_image","twitter_misc":{"Dur\u00e9e de lecture estim\u00e9e":"1 minute"},"schema":{"@context":"https:\/\/schema.org","@graph":[{"@type":"WebPage","@id":"https:\/\/www.exodia.labo.infochartreux.fr\/?page_id=131","url":"https:\/\/www.exodia.labo.infochartreux.fr\/?page_id=131","name":"page accueil - Exodia","isPartOf":{"@id":"https:\/\/www.exodia.labo.infochartreux.fr\/#website"},"primaryImageOfPage":{"@id":"https:\/\/www.exodia.labo.infochartreux.fr\/?page_id=131#primaryimage"},"image":{"@id":"https:\/\/www.exodia.labo.infochartreux.fr\/?page_id=131#primaryimage"},"thumbnailUrl":"https:\/\/www.exodia.labo.infochartreux.fr\/wp-content\/uploads\/2026\/03\/Homepage-400_380-1.jpg","datePublished":"2026-03-03T21:23:08+00:00","dateModified":"2026-04-01T07:55:10+00:00","breadcrumb":{"@id":"https:\/\/www.exodia.labo.infochartreux.fr\/?page_id=131#breadcrumb"},"inLanguage":"fr-FR","potentialAction":[{"@type":"ReadAction","target":["https:\/\/www.exodia.labo.infochartreux.fr\/?page_id=131"]}]},{"@type":"ImageObject","inLanguage":"fr-FR","@id":"https:\/\/www.exodia.labo.infochartreux.fr\/?page_id=131#primaryimage","url":"https:\/\/www.exodia.labo.infochartreux.fr\/wp-content\/uploads\/2026\/03\/Homepage-400_380-1.jpg","contentUrl":"https:\/\/www.exodia.labo.infochartreux.fr\/wp-content\/uploads\/2026\/03\/Homepage-400_380-1.jpg","width":400,"height":380},{"@type":"BreadcrumbList","@id":"https:\/\/www.exodia.labo.infochartreux.fr\/?page_id=131#breadcrumb","itemListElement":[{"@type":"ListItem","position":1,"name":"Accueil","item":"https:\/\/www.exodia.labo.infochartreux.fr\/"},{"@type":"ListItem","position":2,"name":"page accueil"}]},{"@type":"WebSite","@id":"https:\/\/www.exodia.labo.infochartreux.fr\/#website","url":"https:\/\/www.exodia.labo.infochartreux.fr\/","name":"Exodia","description":"agende d&#039;hotelerie de luxe fantastique","publisher":{"@id":"https:\/\/www.exodia.labo.infochartreux.fr\/#organization"},"potentialAction":[{"@type":"SearchAction","target":{"@type":"EntryPoint","urlTemplate":"https:\/\/www.exodia.labo.infochartreux.fr\/?s={search_term_string}"},"query-input":{"@type":"PropertyValueSpecification","valueRequired":true,"valueName":"search_term_string"}}],"inLanguage":"fr-FR"},{"@type":"Organization","@id":"https:\/\/www.exodia.labo.infochartreux.fr\/#organization","name":"Exodia","url":"https:\/\/www.exodia.labo.infochartreux.fr\/","logo":{"@type":"ImageObject","inLanguage":"fr-FR","@id":"https:\/\/www.exodia.labo.infochartreux.fr\/#\/schema\/logo\/image\/","url":"https:\/\/www.exodia.labo.infochartreux.fr\/wp-content\/uploads\/2026\/04\/cropped-Design-sans-titre1-1.png","contentUrl":"https:\/\/www.exodia.labo.infochartreux.fr\/wp-content\/uploads\/2026\/04\/cropped-Design-sans-titre1-1.png","width":817,"height":633,"caption":"Exodia"},"image":{"@id":"https:\/\/www.exodia.labo.infochartreux.fr\/#\/schema\/logo\/image\/"}}]}},"uagb_featured_image_src":{"full":["https:\/\/www.exodia.labo.infochartreux.fr\/wp-content\/uploads\/2026\/03\/Homepage-400_380-1.jpg",400,380,false],"thumbnail":["https:\/\/www.exodia.labo.infochartreux.fr\/wp-content\/uploads\/2026\/03\/Homepage-400_380-1-150x150.jpg",150,150,true],"medium":["https:\/\/www.exodia.labo.infochartreux.fr\/wp-content\/uploads\/2026\/03\/Homepage-400_380-1-300x285.jpg",300,285,true],"medium_large":["https:\/\/www.exodia.labo.infochartreux.fr\/wp-content\/uploads\/2026\/03\/Homepage-400_380-1.jpg",400,380,false],"large":["https:\/\/www.exodia.labo.infochartreux.fr\/wp-content\/uploads\/2026\/03\/Homepage-400_380-1.jpg",400,380,false],"1536x1536":["https:\/\/www.exodia.labo.infochartreux.fr\/wp-content\/uploads\/2026\/03\/Homepage-400_380-1.jpg",400,380,false],"2048x2048":["https:\/\/www.exodia.labo.infochartreux.fr\/wp-content\/uploads\/2026\/03\/Homepage-400_380-1.jpg",400,380,false]},"uagb_author_info":{"display_name":"a.laurent","author_link":"https:\/\/www.exodia.labo.infochartreux.fr\/?author=1"},"uagb_comment_info":0,"uagb_excerpt":"L&rsquo;Exceptionnel n&rsquo;a plus de fronti\u00e8res. Bienvenue chez Exodia, l&rsquo;unique conciergerie de luxe d\u00e9di\u00e9e aux voyages par-del\u00e0 le r\u00e9el. Galleries des [&hellip;]","_links":{"self":[{"href":"https:\/\/www.exodia.labo.infochartreux.fr\/index.php?rest_route=\/wp\/v2\/pages\/131","targetHints":{"allow":["GET"]}}],"collection":[{"href":"https:\/\/www.exodia.labo.infochartreux.fr\/index.php?rest_route=\/wp\/v2\/pages"}],"about":[{"href":"https:\/\/www.exodia.labo.infochartreux.fr\/index.php?rest_route=\/wp\/v2\/types\/page"}],"author":[{"embeddable":true,"href":"https:\/\/www.exodia.labo.infochartreux.fr\/index.php?rest_route=\/wp\/v2\/users\/1"}],"replies":[{"embeddable":true,"href":"https:\/\/www.exodia.labo.infochartreux.fr\/index.php?rest_route=%2Fwp%2Fv2%2Fcomments&post=131"}],"version-history":[{"count":36,"href":"https:\/\/www.exodia.labo.infochartreux.fr\/index.php?rest_route=\/wp\/v2\/pages\/131\/revisions"}],"predecessor-version":[{"id":396,"href":"https:\/\/www.exodia.labo.infochartreux.fr\/index.php?rest_route=\/wp\/v2\/pages\/131\/revisions\/396"}],"wp:featuredmedia":[{"embeddable":true,"href":"https:\/\/www.exodia.labo.infochartreux.fr\/index.php?rest_route=\/wp\/v2\/media\/134"}],"wp:attachment":[{"href":"https:\/\/www.exodia.labo.infochartreux.fr\/index.php?rest_route=%2Fwp%2Fv2%2Fmedia&parent=131"}],"curies":[{"name":"wp","href":"https:\/\/api.w.org\/{rel}","templated":true}]}}